{"id":24,"date":"2025-07-16T17:27:21","date_gmt":"2025-07-16T17:27:21","guid":{"rendered":"http:\/\/www.neotekakademi.com.tr\/?page_id=24"},"modified":"2025-07-21T21:09:11","modified_gmt":"2025-07-21T21:09:11","slug":"iletisim","status":"publish","type":"page","link":"http:\/\/www.neotekakademi.com.tr\/index.php\/iletisim\/","title":{"rendered":"\u0130leti\u015fim"},"content":{"rendered":"\n<h1 class=\"wp-block-heading alignwide has-text-align-center\"><a href=\"http:\/\/neotekakademi.com.tr\" data-type=\"link\" data-id=\"neotekakademi.com.tr\">neotekakademi.com.tr<\/a><strong>     <\/strong><\/h1>\n\n\n\n<p class=\"has-text-align-center\"><strong><mark style=\"background-color:rgba(0, 0, 0, 0)\" class=\"has-inline-color has-black-color\">                 \u0130NTERNET ADRES\u0130 VE 05455294004 WATSAP \u0130LET\u0130\u015e\u0130M ADRES\u0130NDEN B\u0130ZE ULA\u015eAB\u0130L\u0130RS\u0130N\u0130Z<\/mark><\/strong><\/p>\n\n\n\n<p><\/p>\n\n\n\n<p><\/p>\n","protected":false},"excerpt":{"rendered":"<p>neotekakademi.com.tr \u0130NTERNET ADRES\u0130 VE 05455294004 WATSAP \u0130LET\u0130\u015e\u0130M ADRES\u0130NDEN B\u0130ZE ULA\u015eAB\u0130L\u0130RS\u0130N\u0130Z<\/p>\n","protected":false},"author":1,"featured_media":0,"parent":0,"menu_order":0,"comment_status":"closed","ping_status":"closed","template":"","meta":{"footnotes":""},"class_list":["post-24","page","type-page","status-publish","hentry"],"_links":{"self":[{"href":"http:\/\/www.neotekakademi.com.tr\/index.php\/wp-json\/wp\/v2\/pages\/24","targetHints":{"allow":["GET"]}}],"collection":[{"href":"http:\/\/www.neotekakademi.com.tr\/index.php\/wp-json\/wp\/v2\/pages"}],"about":[{"href":"http:\/\/www.neotekakademi.com.tr\/index.php\/wp-json\/wp\/v2\/types\/page"}],"author":[{"embeddable":true,"href":"http:\/\/www.neotekakademi.com.tr\/index.php\/wp-json\/wp\/v2\/users\/1"}],"replies":[{"embeddable":true,"href":"http:\/\/www.neotekakademi.com.tr\/index.php\/wp-json\/wp\/v2\/comments?post=24"}],"version-history":[{"count":5,"href":"http:\/\/www.neotekakademi.com.tr\/index.php\/wp-json\/wp\/v2\/pages\/24\/revisions"}],"predecessor-version":[{"id":118,"href":"http:\/\/www.neotekakademi.com.tr\/index.php\/wp-json\/wp\/v2\/pages\/24\/revisions\/118"}],"wp:attachment":[{"href":"http:\/\/www.neotekakademi.com.tr\/index.php\/wp-json\/wp\/v2\/media?parent=24"}],"curies":[{"name":"wp","href":"https:\/\/api.w.org\/{rel}","templated":true}]}}