{"id":28,"date":"2025-07-16T17:28:36","date_gmt":"2025-07-16T17:28:36","guid":{"rendered":"http:\/\/www.neotekakademi.com.tr\/?page_id=28"},"modified":"2025-08-02T16:00:56","modified_gmt":"2025-08-02T16:00:56","slug":"urunlerimiz","status":"publish","type":"page","link":"http:\/\/www.neotekakademi.com.tr\/index.php\/urunlerimiz\/","title":{"rendered":"\u00dcr\u00fcnlerimiz"},"content":{"rendered":"\n<div class=\"wp-block-media-text is-stacked-on-mobile\" style=\"grid-template-columns:46% auto\"><figure class=\"wp-block-media-text__media\"><img loading=\"lazy\" decoding=\"async\" width=\"900\" height=\"899\" src=\"http:\/\/www.neotekakademi.com.tr\/wp-content\/uploads\/2025\/08\/120-parca-100-mm-jumper-kablo-seti-37996-91-B.jpg\" alt=\"\" class=\"wp-image-213 size-full\" srcset=\"http:\/\/www.neotekakademi.com.tr\/wp-content\/uploads\/2025\/08\/120-parca-100-mm-jumper-kablo-seti-37996-91-B.jpg 900w, http:\/\/www.neotekakademi.com.tr\/wp-content\/uploads\/2025\/08\/120-parca-100-mm-jumper-kablo-seti-37996-91-B-300x300.jpg 300w, http:\/\/www.neotekakademi.com.tr\/wp-content\/uploads\/2025\/08\/120-parca-100-mm-jumper-kablo-seti-37996-91-B-150x150.jpg 150w, http:\/\/www.neotekakademi.com.tr\/wp-content\/uploads\/2025\/08\/120-parca-100-mm-jumper-kablo-seti-37996-91-B-768x767.jpg 768w\" sizes=\"auto, (max-width: 900px) 100vw, 900px\" \/><\/figure><div class=\"wp-block-media-text__content\">\n<ul class=\"wp-block-list\">\n<li><strong>120 Par\u00e7a 100 mm Jumper Kablo Seti<\/strong><\/li>\n\n\n\n<li>Jumper seti, arduino veya raspberry pi ile proje yaparken ihtiya\u00e7 duyulacak k\u00fc\u00e7\u00fck boy 3 \u00e7e\u015fit 120 par\u00e7a jumper kablo i\u00e7ermektedir. Ayr\u0131ca prototiplemelerinizi daha rahat yapabilmeniz i\u00e7in breadboard ve g\u00fc\u00e7 kart\u0131 i\u00e7ermektedir<\/li>\n<\/ul>\n<\/div><\/div>\n\n\n\n<div class=\"wp-block-media-text is-stacked-on-mobile\" style=\"grid-template-columns:47% auto\"><figure class=\"wp-block-media-text__media\"><img loading=\"lazy\" decoding=\"async\" width=\"900\" height=\"900\" src=\"http:\/\/www.neotekakademi.com.tr\/wp-content\/uploads\/2025\/07\/sd-9815-hassas-tornavida-seti-6pcs-25909-80-B.jpg\" alt=\"\" class=\"wp-image-210 size-full\" srcset=\"http:\/\/www.neotekakademi.com.tr\/wp-content\/uploads\/2025\/07\/sd-9815-hassas-tornavida-seti-6pcs-25909-80-B.jpg 900w, http:\/\/www.neotekakademi.com.tr\/wp-content\/uploads\/2025\/07\/sd-9815-hassas-tornavida-seti-6pcs-25909-80-B-300x300.jpg 300w, http:\/\/www.neotekakademi.com.tr\/wp-content\/uploads\/2025\/07\/sd-9815-hassas-tornavida-seti-6pcs-25909-80-B-150x150.jpg 150w, http:\/\/www.neotekakademi.com.tr\/wp-content\/uploads\/2025\/07\/sd-9815-hassas-tornavida-seti-6pcs-25909-80-B-768x768.jpg 768w\" sizes=\"auto, (max-width: 900px) 100vw, 900px\" \/><\/figure><div class=\"wp-block-media-text__content\">\n<ul class=\"wp-block-list\">\n<li>Pro&#8217;skit SD-9815 Hassas tornavida seti C\u0131vata s\u00fcr\u00fcc\u00fc \u00c7ok fonksiyonlu ev tornavida seti<\/li>\n<\/ul>\n\n\n\n<ul class=\"wp-block-list\">\n<li><strong>PRO&#8217;SKIT SD-9815 Hassas tornavida seti paket i\u00e7eri\u011fi:<\/strong><\/li>\n<\/ul>\n<\/div><\/div>\n\n\n\n<div class=\"wp-block-group is-vertical is-layout-flex wp-container-core-group-is-layout-8cf370e7 wp-block-group-is-layout-flex\">\n<div class=\"wp-block-columns is-layout-flex wp-container-core-columns-is-layout-9d6595d7 wp-block-columns-is-layout-flex\">\n<div class=\"wp-block-column is-layout-flow wp-block-column-is-layout-flow\" style=\"flex-basis:50%\">\n<figure class=\"wp-block-image is-resized\"><img loading=\"lazy\" decoding=\"async\" width=\"900\" height=\"900\" src=\"http:\/\/www.neotekakademi.com.tr\/wp-content\/uploads\/2025\/07\/unit-ut-33b-dijital-multimetre-34786-94-B.jpg\" alt=\"\" class=\"wp-image-205\" style=\"width:336px;height:auto\" srcset=\"http:\/\/www.neotekakademi.com.tr\/wp-content\/uploads\/2025\/07\/unit-ut-33b-dijital-multimetre-34786-94-B.jpg 900w, http:\/\/www.neotekakademi.com.tr\/wp-content\/uploads\/2025\/07\/unit-ut-33b-dijital-multimetre-34786-94-B-300x300.jpg 300w, http:\/\/www.neotekakademi.com.tr\/wp-content\/uploads\/2025\/07\/unit-ut-33b-dijital-multimetre-34786-94-B-150x150.jpg 150w, http:\/\/www.neotekakademi.com.tr\/wp-content\/uploads\/2025\/07\/unit-ut-33b-dijital-multimetre-34786-94-B-768x768.jpg 768w\" sizes=\"auto, (max-width: 900px) 100vw, 900px\" \/><\/figure>\n<\/div>\n\n\n\n<div class=\"wp-block-column is-layout-flow wp-block-column-is-layout-flow\" style=\"flex-basis:50%\">\n<ul class=\"wp-block-list\">\n<li>Unit UT33 + serisi yenilik\u00e7i tasar\u0131m\u0131 sayesinde LCD ekranda daha iyi bir kullan\u0131c\u0131 deneyimi sunmaktad\u0131r. Dayan\u0131kl\u0131 bir g\u00f6vdeye sahip olan UT33 + serisi multimetreler 2 metre d\u00fc\u015fmeye kar\u015f\u0131 dayan\u0131kl\u0131d\u0131r. Basit yap\u0131s\u0131 ve uygun fiyat\u0131yla olduk\u00e7a kullan\u0131\u015fl\u0131 bir \u00fcr\u00fcnd\u00fcr. DC gerilim \u00f6l\u00e7\u00fcm\u00fc, AC voltaj \u00f6l\u00e7\u00fcm\u00fc, diren\u00e7 \u00f6l\u00e7\u00fcm\u00fc, transist\u00f6r \u00f6l\u00e7\u00fcm\u00fc ve k\u0131sa devre kontrol\u00fc gibi bir \u00e7ok temel uygulamay\u0131 ger\u00e7ekle\u015ftirebilirsiniz. Diyot \u00f6l\u00e7\u00fcm\u00fcnde buzzer \u00f6zelli\u011fi vard\u0131r.<\/li>\n<\/ul>\n<\/div>\n<\/div>\n\n\n\n<div class=\"wp-block-group\"><div class=\"wp-block-group__inner-container is-layout-constrained wp-block-group-is-layout-constrained\">\n<div class=\"wp-block-group\"><div class=\"wp-block-group__inner-container is-layout-constrained wp-block-group-is-layout-constrained\">\n<div class=\"wp-block-media-text is-stacked-on-mobile\" style=\"grid-template-columns:48% auto\"><figure class=\"wp-block-media-text__media\"><img loading=\"lazy\" decoding=\"async\" width=\"900\" height=\"900\" src=\"http:\/\/www.neotekakademi.com.tr\/wp-content\/uploads\/2025\/07\/arduino-mini-baslangic-seti-39237-92-B.jpg\" alt=\"\" class=\"wp-image-201 size-full\" srcset=\"http:\/\/www.neotekakademi.com.tr\/wp-content\/uploads\/2025\/07\/arduino-mini-baslangic-seti-39237-92-B.jpg 900w, http:\/\/www.neotekakademi.com.tr\/wp-content\/uploads\/2025\/07\/arduino-mini-baslangic-seti-39237-92-B-300x300.jpg 300w, http:\/\/www.neotekakademi.com.tr\/wp-content\/uploads\/2025\/07\/arduino-mini-baslangic-seti-39237-92-B-150x150.jpg 150w, http:\/\/www.neotekakademi.com.tr\/wp-content\/uploads\/2025\/07\/arduino-mini-baslangic-seti-39237-92-B-768x768.jpg 768w\" sizes=\"auto, (max-width: 900px) 100vw, 900px\" \/><\/figure><div class=\"wp-block-media-text__content\">\n<ul class=\"wp-block-list\">\n<li><strong><strong>Arduino Mini Ba\u015flang\u0131\u00e7 Seti<\/strong>&nbsp;sayesinde Arduino programlamaya h\u0131zl\u0131 bir \u015fekilde ba\u015flang\u0131\u00e7 yapabilirsiniz. Set i\u00e7erisinde yer alan malzemeler ile, kitapta yer alan uygulamalar\u0131n bir k\u0131sm\u0131n\u0131 ve sonras\u0131nda kendi projelerinizi ger\u00e7ekle\u015ftirmeniz m\u00fcmk\u00fcn olacakt\u0131r<\/strong><\/li>\n<\/ul>\n<\/div><\/div>\n\n\n\n<div class=\"wp-block-group\"><div class=\"wp-block-group__inner-container is-layout-constrained wp-block-group-is-layout-constrained\">\n<div class=\"wp-block-media-text is-stacked-on-mobile is-vertically-aligned-center\" style=\"grid-template-columns:30% auto\"><figure class=\"wp-block-media-text__media\"><img loading=\"lazy\" decoding=\"async\" width=\"640\" height=\"640\" src=\"http:\/\/www.neotekakademi.com.tr\/wp-content\/uploads\/2025\/07\/breadboard-2-21070-16-O.jpg\" alt=\"\" class=\"wp-image-196 size-full\" srcset=\"http:\/\/www.neotekakademi.com.tr\/wp-content\/uploads\/2025\/07\/breadboard-2-21070-16-O.jpg 640w, http:\/\/www.neotekakademi.com.tr\/wp-content\/uploads\/2025\/07\/breadboard-2-21070-16-O-300x300.jpg 300w, http:\/\/www.neotekakademi.com.tr\/wp-content\/uploads\/2025\/07\/breadboard-2-21070-16-O-150x150.jpg 150w\" sizes=\"auto, (max-width: 640px) 100vw, 640px\" \/><\/figure><div class=\"wp-block-media-text__content\">\n<ul class=\"wp-block-list\">\n<li>Bu&nbsp;<strong>Breadboard<\/strong>&nbsp;beyaz, dikd\u00f6rtgen, lehimsiz yap\u0131ya sahiptir. 2 adet g\u00fc\u00e7 bus&#8217;\u0131 60 adet s\u00fctun, 10 adet sat\u0131r toplam 830 adet deli\u011fi bulunmaktad\u0131r. B\u00fct\u00fcn pinleri standart headerlarla (2.54mm) uyumludur. DIP k\u0131l\u0131fl\u0131 mikro i\u015flemciler i\u00e7in iki set be\u015f sat\u0131ra ayr\u0131lm\u0131\u015ft\u0131r. 29-20AWG kablolar\u0131 i\u00e7in de uygun deliklere sahiptir.<\/li>\n\n\n\n<li><br><strong>Board<\/strong>&#8216;un arka taraf\u0131nda yap\u0131\u015fkan bir ka\u011f\u0131t bulunmaktad\u0131r. Bu sayede ,istedi\u011finiz yere sabitleyip, \u00fczerinde zorlanmadan devre kurabilirsiniz.&nbsp;<strong>Board elektronik<\/strong>&nbsp;projeler i\u00e7in s\u0131kl\u0131kla kullan\u0131lmaktad\u0131r.&nbsp;<strong>Elektronik devre bordu<\/strong>&nbsp;ile devrelerinizi h\u0131zl\u0131 bir \u015fekilde kurmak \u00e7ok kolay olacak.<\/li>\n<\/ul>\n\n\n\n<p><\/p>\n<\/div><\/div>\n<\/div><\/div>\n\n\n\n<div class=\"wp-block-media-text is-stacked-on-mobile\"><figure class=\"wp-block-media-text__media\"><img loading=\"lazy\" decoding=\"async\" width=\"660\" height=\"660\" src=\"http:\/\/www.neotekakademi.com.tr\/wp-content\/uploads\/2025\/07\/arduino-uno-r3-klon-usb-kablo-hediyeli-usb-chip-ch340-26239-27-O.jpg\" alt=\"\" class=\"wp-image-193 size-full\" srcset=\"http:\/\/www.neotekakademi.com.tr\/wp-content\/uploads\/2025\/07\/arduino-uno-r3-klon-usb-kablo-hediyeli-usb-chip-ch340-26239-27-O.jpg 660w, http:\/\/www.neotekakademi.com.tr\/wp-content\/uploads\/2025\/07\/arduino-uno-r3-klon-usb-kablo-hediyeli-usb-chip-ch340-26239-27-O-300x300.jpg 300w, http:\/\/www.neotekakademi.com.tr\/wp-content\/uploads\/2025\/07\/arduino-uno-r3-klon-usb-kablo-hediyeli-usb-chip-ch340-26239-27-O-150x150.jpg 150w\" sizes=\"auto, (max-width: 660px) 100vw, 660px\" \/><\/figure><div class=\"wp-block-media-text__content\">\n<ul class=\"wp-block-list\">\n<li><strong><a href=\"https:\/\/www.robotistan.com\/orjinal-arduino-uno-r3-yeni-versiyon\">Arduino UNO R3<\/a><\/strong>\u2019\u00fcn birebir klonudur. \u00dczerinde orijinal kart ile ayn\u0131 USB-Seri d\u00f6n\u00fc\u015ft\u00fcr\u00fcc\u00fc entegre (ATmega16u2) bulunur. Bu sebeple ayr\u0131 bir s\u00fcr\u00fcc\u00fcye ihtiya\u00e7 duymadan&nbsp;<strong>Arduino Uno R3 Klon<\/strong>&nbsp;\u00fcr\u00fcn\u00fcn\u00fc kullanabilirsiniz. <\/li>\n\n\n\n<li><strong>\u00dcr\u00fcn \u0130\u00e7eri\u011fi:<\/strong><\/li>\n\n\n\n<li>Arduino Uno R3 (Klon)<\/li>\n\n\n\n<li>A&#8217;dan B&#8217;ye Usb Kablosu<\/li>\n<\/ul>\n<\/div><\/div>\n\n\n\n<p><\/p>\n<\/div><\/div>\n<\/div><\/div>\n<\/div>\n","protected":false},"excerpt":{"rendered":"","protected":false},"author":1,"featured_media":0,"parent":0,"menu_order":0,"comment_status":"closed","ping_status":"closed","template":"","meta":{"footnotes":""},"class_list":["post-28","page","type-page","status-publish","hentry"],"_links":{"self":[{"href":"http:\/\/www.neotekakademi.com.tr\/index.php\/wp-json\/wp\/v2\/pages\/28","targetHints":{"allow":["GET"]}}],"collection":[{"href":"http:\/\/www.neotekakademi.com.tr\/index.php\/wp-json\/wp\/v2\/pages"}],"about":[{"href":"http:\/\/www.neotekakademi.com.tr\/index.php\/wp-json\/wp\/v2\/types\/page"}],"author":[{"embeddable":true,"href":"http:\/\/www.neotekakademi.com.tr\/index.php\/wp-json\/wp\/v2\/users\/1"}],"replies":[{"embeddable":true,"href":"http:\/\/www.neotekakademi.com.tr\/index.php\/wp-json\/wp\/v2\/comments?post=28"}],"version-history":[{"count":10,"href":"http:\/\/www.neotekakademi.com.tr\/index.php\/wp-json\/wp\/v2\/pages\/28\/revisions"}],"predecessor-version":[{"id":215,"href":"http:\/\/www.neotekakademi.com.tr\/index.php\/wp-json\/wp\/v2\/pages\/28\/revisions\/215"}],"wp:attachment":[{"href":"http:\/\/www.neotekakademi.com.tr\/index.php\/wp-json\/wp\/v2\/media?parent=28"}],"curies":[{"name":"wp","href":"https:\/\/api.w.org\/{rel}","templated":true}]}}